{"id":264,"date":"2021-12-06T01:06:49","date_gmt":"2021-12-06T01:06:49","guid":{"rendered":"https:\/\/www.dimautostudio.es\/?page_id=264"},"modified":"2021-12-11T22:23:53","modified_gmt":"2021-12-11T22:23:53","slug":"car-wrap-ppf","status":"publish","type":"page","link":"https:\/\/www.dimautostudio.es\/?page_id=264","title":{"rendered":"Car Wrap &#038; PPF"},"content":{"rendered":"\n<p>El Paint Protection Film (<strong>PPF<\/strong>) es una pel\u00edcula transparente termopl\u00e1stica de poliuretano que se aplica sobre la laca, barniz o pintura del autom\u00f3vil, protegi\u00e9ndolo contra posibles abrasiones exteriores como: rayaduras, ara\u00f1azos, golpes, suciedad, restos de insectos, marcas de lavado y otros elementos ambientales. Se utiliza normalmente en mundo de automoci\u00f3n exterior e interior de los veh\u00edculos, pero tambi\u00e9n se puede usar para bicicletas, patinetes, m\u00f3viles, tablets, cascos etc&#8230;.. <\/p>\n\n\n\n<p><\/p>\n\n\n\n<div class=\"wp-block-columns is-layout-flex wp-container-core-columns-is-layout-9d6595d7 wp-block-columns-is-layout-flex\">\n<div class=\"wp-block-column is-layout-flow wp-block-column-is-layout-flow\" style=\"flex-basis:100%\">\n<div class=\"wp-block-columns is-layout-flex wp-container-core-columns-is-layout-9d6595d7 wp-block-columns-is-layout-flex\">\n<div class=\"wp-block-column is-layout-flow wp-block-column-is-layout-flow\" style=\"flex-basis:100%\">\n<div class=\"wp-block-group\"><div class=\"wp-block-group__inner-container is-layout-flow wp-block-group-is-layout-flow\">\n<div class=\"wp-block-columns is-layout-flex wp-container-core-columns-is-layout-9d6595d7 wp-block-columns-is-layout-flex\">\n<div class=\"wp-block-column is-layout-flow wp-block-column-is-layout-flow\" style=\"flex-basis:100%\">\n<div class=\"wp-block-group\"><div class=\"wp-block-group__inner-container is-layout-flow wp-block-group-is-layout-flow\">\n<figure class=\"wp-block-embed is-type-video is-provider-youtube wp-block-embed-youtube wp-embed-aspect-16-9 wp-has-aspect-ratio\"><div class=\"wp-block-embed__wrapper\">\n<iframe loading=\"lazy\" title=\"PPF Mejor protecci\u00f3n para pintura de coche \ud83c\udfce\" width=\"880\" height=\"495\" src=\"https:\/\/www.youtube.com\/embed\/UFNpBKbAX74?feature=oembed\" frameborder=\"0\" allow=\"accelerometer; autoplay; clipboard-write; encrypted-media; gyroscope; picture-in-picture\" allowfullscreen><\/iframe>\n<\/div><\/figure>\n<\/div><\/div>\n<\/div>\n<\/div>\n<\/div><\/div>\n<\/div>\n<\/div>\n<\/div>\n<\/div>\n\n\n\n<div class=\"wp-block-columns is-layout-flex wp-container-core-columns-is-layout-9d6595d7 wp-block-columns-is-layout-flex\">\n<div class=\"wp-block-column is-layout-flow wp-block-column-is-layout-flow\" style=\"flex-basis:100%\">\n<figure class=\"wp-block-embed is-type-video is-provider-youtube wp-block-embed-youtube wp-embed-aspect-16-9 wp-has-aspect-ratio\"><div class=\"wp-block-embed__wrapper\">\n<iframe loading=\"lazy\" title=\"Que bonito PPF Llumar Mate Premium en un testa modelo 3 rojo\" width=\"880\" height=\"495\" src=\"https:\/\/www.youtube.com\/embed\/ammDiIO95KA?feature=oembed\" frameborder=\"0\" allow=\"accelerometer; autoplay; clipboard-write; encrypted-media; gyroscope; picture-in-picture\" allowfullscreen><\/iframe>\n<\/div><\/figure>\n<\/div>\n<\/div>\n\n\n\n<figure class=\"wp-block-image size-large\"><img loading=\"lazy\" decoding=\"async\" width=\"1024\" height=\"577\" src=\"https:\/\/www.dimautostudio.es\/wp-content\/uploads\/2021\/12\/20210927_164446-1024x577.jpg\" alt=\"\" class=\"wp-image-296\" srcset=\"https:\/\/www.dimautostudio.es\/wp-content\/uploads\/2021\/12\/20210927_164446-1024x577.jpg 1024w, https:\/\/www.dimautostudio.es\/wp-content\/uploads\/2021\/12\/20210927_164446-300x169.jpg 300w, https:\/\/www.dimautostudio.es\/wp-content\/uploads\/2021\/12\/20210927_164446-768x432.jpg 768w, https:\/\/www.dimautostudio.es\/wp-content\/uploads\/2021\/12\/20210927_164446-1536x865.jpg 1536w, https:\/\/www.dimautostudio.es\/wp-content\/uploads\/2021\/12\/20210927_164446-2048x1153.jpg 2048w, https:\/\/www.dimautostudio.es\/wp-content\/uploads\/2021\/12\/20210927_164446-1920x1080.jpg 1920w\" sizes=\"auto, (max-width: 1024px) 100vw, 1024px\" \/><\/figure>\n\n\n\n<div class=\"wp-block-columns is-layout-flex wp-container-core-columns-is-layout-9d6595d7 wp-block-columns-is-layout-flex\">\n<div class=\"wp-block-column is-layout-flow wp-block-column-is-layout-flow\" style=\"flex-basis:100%\">\n<figure class=\"wp-block-embed is-type-video is-provider-youtube wp-block-embed-youtube wp-embed-aspect-16-9 wp-has-aspect-ratio\"><div class=\"wp-block-embed__wrapper\">\n<iframe loading=\"lazy\" title=\"Protecci\u00f3n de los faros con PPF\" width=\"880\" height=\"495\" src=\"https:\/\/www.youtube.com\/embed\/saHZvIENx9I?feature=oembed\" frameborder=\"0\" allow=\"accelerometer; autoplay; clipboard-write; encrypted-media; gyroscope; picture-in-picture\" allowfullscreen><\/iframe>\n<\/div><\/figure>\n<\/div>\n<\/div>\n","protected":false},"excerpt":{"rendered":"<p>El Paint Protection Film (PPF) es una pel\u00edcula transparente termopl\u00e1stica de poliuretano que se aplica sobre la laca, barniz o<\/p>\n<p><a href=\"https:\/\/www.dimautostudio.es\/?page_id=264\" class=\"more-link\">Seguir leyendo<span class=\"screen-reader-text\">Car Wrap &#038; PPF<\/span><\/a><\/p>\n","protected":false},"author":1,"featured_media":0,"parent":0,"menu_order":0,"comment_status":"closed","ping_status":"closed","template":"","meta":{"footnotes":""},"class_list":["post-264","page","type-page","status-publish","hentry"],"_links":{"self":[{"href":"https:\/\/www.dimautostudio.es\/index.php?rest_route=\/wp\/v2\/pages\/264","targetHints":{"allow":["GET"]}}],"collection":[{"href":"https:\/\/www.dimautostudio.es\/index.php?rest_route=\/wp\/v2\/pages"}],"about":[{"href":"https:\/\/www.dimautostudio.es\/index.php?rest_route=\/wp\/v2\/types\/page"}],"author":[{"embeddable":true,"href":"https:\/\/www.dimautostudio.es\/index.php?rest_route=\/wp\/v2\/users\/1"}],"replies":[{"embeddable":true,"href":"https:\/\/www.dimautostudio.es\/index.php?rest_route=%2Fwp%2Fv2%2Fcomments&post=264"}],"version-history":[{"count":10,"href":"https:\/\/www.dimautostudio.es\/index.php?rest_route=\/wp\/v2\/pages\/264\/revisions"}],"predecessor-version":[{"id":316,"href":"https:\/\/www.dimautostudio.es\/index.php?rest_route=\/wp\/v2\/pages\/264\/revisions\/316"}],"wp:attachment":[{"href":"https:\/\/www.dimautostudio.es\/index.php?rest_route=%2Fwp%2Fv2%2Fmedia&parent=264"}],"curies":[{"name":"wp","href":"https:\/\/api.w.org\/{rel}","templated":true}]}}