{"id":2,"date":"2021-02-03T02:12:26","date_gmt":"2021-02-03T02:12:26","guid":{"rendered":"https:\/\/www.dimautostudio.es\/?page_id=2"},"modified":"2025-04-12T21:14:21","modified_gmt":"2025-04-12T21:14:21","slug":"sample-page","status":"publish","type":"page","link":"https:\/\/www.dimautostudio.es\/","title":{"rendered":"Car Wash &amp; Detailing, Auto Repair &amp; Vehicle Sales"},"content":{"rendered":"\n<figure class=\"wp-block-image size-large is-resized is-style-default\"><img loading=\"lazy\" decoding=\"async\" width=\"752\" height=\"338\" src=\"https:\/\/www.dimautostudio.es\/wp-content\/uploads\/2025\/04\/IMG-20200110-WA0011-1024x461-1-edited.jpg\" alt=\"\" class=\"wp-image-345\" style=\"width:880px;height:auto\" srcset=\"https:\/\/www.dimautostudio.es\/wp-content\/uploads\/2025\/04\/IMG-20200110-WA0011-1024x461-1-edited.jpg 752w, https:\/\/www.dimautostudio.es\/wp-content\/uploads\/2025\/04\/IMG-20200110-WA0011-1024x461-1-edited-300x135.jpg 300w\" sizes=\"auto, (max-width: 752px) 100vw, 752px\" \/><\/figure>\n\n\n\n<p class=\"has-text-align-center\"><strong>dimautostudio@gmail.com<\/strong> <\/p>\n\n\n\n<figure class=\"wp-block-pullquote is-style-default has-border-color has-light-gray-color has-text-color\" style=\"border-color:#f9a926\"><blockquote><p><strong>\u041c\u044b \u0433\u043e\u0432\u043e\u0440\u0438\u043c \u043f\u043e-\u0440\u0443\u0441\u0441\u043a\u0438&nbsp;&amp;&nbsp;We speak English<\/strong><\/p><cite>CAR WASH SOTOGRANDE<br>LAVADERO DE COCHES SOTOGRANDE<br>M\u041e\u0419\u041a\u0410 \u0410\u0412\u0422\u041e\u041c\u041e\u0411\u0418\u041b\u0415\u0419 \u0421\u041e\u0422\u041e\u0413\u0420\u0410\u041d\u0414\u0415<\/cite><\/blockquote><\/figure>\n\n\n\n<div class=\"wp-block-columns is-layout-flex wp-container-core-columns-is-layout-9d6595d7 wp-block-columns-is-layout-flex\">\n<div class=\"wp-block-column is-layout-flow wp-block-column-is-layout-flow\">\n<figure class=\"wp-block-image size-large\" id=\"carwash\"><a href=\"https:\/\/www.dimautostudio.es\/?attachment_id=348\"><img loading=\"lazy\" decoding=\"async\" width=\"1024\" height=\"576\" src=\"https:\/\/www.dimautostudio.es\/wp-content\/uploads\/2025\/04\/IMG_2593-edited-1024x576.jpg\" alt=\"Car Wash\" class=\"wp-image-348\" srcset=\"https:\/\/www.dimautostudio.es\/wp-content\/uploads\/2025\/04\/IMG_2593-edited-1024x576.jpg 1024w, https:\/\/www.dimautostudio.es\/wp-content\/uploads\/2025\/04\/IMG_2593-edited-300x169.jpg 300w, https:\/\/www.dimautostudio.es\/wp-content\/uploads\/2025\/04\/IMG_2593-edited-768x432.jpg 768w, https:\/\/www.dimautostudio.es\/wp-content\/uploads\/2025\/04\/IMG_2593-edited-1536x864.jpg 1536w, https:\/\/www.dimautostudio.es\/wp-content\/uploads\/2025\/04\/IMG_2593-edited-2048x1152.jpg 2048w, https:\/\/www.dimautostudio.es\/wp-content\/uploads\/2025\/04\/IMG_2593-edited-1920x1080.jpg 1920w\" sizes=\"auto, (max-width: 1024px) 100vw, 1024px\" \/><\/a><\/figure>\n<\/div>\n\n\n\n<div class=\"wp-block-column is-layout-flow wp-block-column-is-layout-flow\">\n<figure class=\"wp-block-image size-large\"><img loading=\"lazy\" decoding=\"async\" width=\"1024\" height=\"577\" src=\"https:\/\/www.dimautostudio.es\/wp-content\/uploads\/2021\/12\/20210927_164446-1024x577.jpg\" alt=\"\" class=\"wp-image-296\" srcset=\"https:\/\/www.dimautostudio.es\/wp-content\/uploads\/2021\/12\/20210927_164446-1024x577.jpg 1024w, https:\/\/www.dimautostudio.es\/wp-content\/uploads\/2021\/12\/20210927_164446-300x169.jpg 300w, https:\/\/www.dimautostudio.es\/wp-content\/uploads\/2021\/12\/20210927_164446-768x432.jpg 768w, https:\/\/www.dimautostudio.es\/wp-content\/uploads\/2021\/12\/20210927_164446-1536x865.jpg 1536w, https:\/\/www.dimautostudio.es\/wp-content\/uploads\/2021\/12\/20210927_164446-2048x1153.jpg 2048w, https:\/\/www.dimautostudio.es\/wp-content\/uploads\/2021\/12\/20210927_164446-1920x1080.jpg 1920w\" sizes=\"auto, (max-width: 1024px) 100vw, 1024px\" \/><\/figure>\n<\/div>\n<\/div>\n\n\n\n<div class=\"wp-block-columns is-layout-flex wp-container-core-columns-is-layout-9d6595d7 wp-block-columns-is-layout-flex\">\n<div class=\"wp-block-column is-layout-flow wp-block-column-is-layout-flow\">\n<figure class=\"wp-block-image size-large\"><img loading=\"lazy\" decoding=\"async\" width=\"1024\" height=\"683\" src=\"https:\/\/www.dimautostudio.es\/wp-content\/uploads\/2021\/12\/IMG_4486-1024x683.jpg\" alt=\"\" class=\"wp-image-287\" srcset=\"https:\/\/www.dimautostudio.es\/wp-content\/uploads\/2021\/12\/IMG_4486-1024x683.jpg 1024w, https:\/\/www.dimautostudio.es\/wp-content\/uploads\/2021\/12\/IMG_4486-300x200.jpg 300w, https:\/\/www.dimautostudio.es\/wp-content\/uploads\/2021\/12\/IMG_4486-768x512.jpg 768w, https:\/\/www.dimautostudio.es\/wp-content\/uploads\/2021\/12\/IMG_4486-1536x1024.jpg 1536w, https:\/\/www.dimautostudio.es\/wp-content\/uploads\/2021\/12\/IMG_4486-2048x1365.jpg 2048w\" sizes=\"auto, (max-width: 1024px) 100vw, 1024px\" \/><\/figure>\n<\/div>\n\n\n\n<div class=\"wp-block-column is-layout-flow wp-block-column-is-layout-flow\">\n<figure class=\"wp-block-image size-large\"><img loading=\"lazy\" decoding=\"async\" width=\"1024\" height=\"618\" src=\"https:\/\/www.dimautostudio.es\/wp-content\/uploads\/2025\/04\/20200831_122639-2-edited-1024x618.jpg\" alt=\"\" class=\"wp-image-343\" srcset=\"https:\/\/www.dimautostudio.es\/wp-content\/uploads\/2025\/04\/20200831_122639-2-edited-1024x618.jpg 1024w, https:\/\/www.dimautostudio.es\/wp-content\/uploads\/2025\/04\/20200831_122639-2-edited-300x181.jpg 300w, https:\/\/www.dimautostudio.es\/wp-content\/uploads\/2025\/04\/20200831_122639-2-edited-768x463.jpg 768w, https:\/\/www.dimautostudio.es\/wp-content\/uploads\/2025\/04\/20200831_122639-2-edited-1536x926.jpg 1536w, https:\/\/www.dimautostudio.es\/wp-content\/uploads\/2025\/04\/20200831_122639-2-edited-2048x1235.jpg 2048w\" sizes=\"auto, (max-width: 1024px) 100vw, 1024px\" \/><\/figure>\n<\/div>\n<\/div>\n\n\n\n<h3 class=\"wp-block-heading has-text-align-center has-dark-violet-color has-text-color\">Car wash, Lavadero de coches Sotogrande-Guadiaro <\/h3>\n\n\n\n<p><strong>Ofrecemos mantenimiento de veh\u00edculos y servicio de recogida y entrega por zona de Sotogrande y alrededores. Limpieza interior y exterior, tratamiento de cuero, limpieza de tapicerias, Pulidos, tratamientos de cer\u00e1mica, restauraci\u00f3nes, Wrap y PPF. Tambi\u00e9n ofrecemos mantenimiento de mec\u00e1nica y cambio de neum\u00e1ticos.  Recogemos su coche le hacemos el Pre ITV, pasamos la ITV por Usted y intregamos veh\u00edculo a su casa.<\/strong><\/p>\n\n\n\n<blockquote class=\"wp-block-quote is-layout-flow wp-block-quote-is-layout-flow\">\n<p>Hacemos servicio de recogida y entrega.<\/p>\n<cite>Zona Sotogrande y alrededores<\/cite><\/blockquote>\n\n\n\n<blockquote class=\"wp-block-quote is-layout-flow wp-block-quote-is-layout-flow\">\n<p>Limpieza de tapicer\u00edas, tratamiento de cuero, limpieza de motores, todo esta a nuestro alcance.<\/p>\n\n\n\n<p><\/p>\n<\/blockquote>\n\n\n\n<hr class=\"wp-block-separator has-css-opacity is-style-wide\"\/>\n\n\n\n<!--more SIGANOS -->\n\n\n\n<ul class=\"wp-block-social-links is-layout-flex wp-block-social-links-is-layout-flex\"><li class=\"wp-social-link wp-social-link-instagram  wp-block-social-link\"><a href=\"https:\/\/www.instagram.com\/dimautostudio\/\" class=\"wp-block-social-link-anchor\"><svg width=\"24\" height=\"24\" viewBox=\"0 0 24 24\" version=\"1.1\" xmlns=\"http:\/\/www.w3.org\/2000\/svg\" aria-hidden=\"true\" focusable=\"false\"><path d=\"M12,4.622c2.403,0,2.688,0.009,3.637,0.052c0.877,0.04,1.354,0.187,1.671,0.31c0.42,0.163,0.72,0.358,1.035,0.673 c0.315,0.315,0.51,0.615,0.673,1.035c0.123,0.317,0.27,0.794,0.31,1.671c0.043,0.949,0.052,1.234,0.052,3.637 s-0.009,2.688-0.052,3.637c-0.04,0.877-0.187,1.354-0.31,1.671c-0.163,0.42-0.358,0.72-0.673,1.035 c-0.315,0.315-0.615,0.51-1.035,0.673c-0.317,0.123-0.794,0.27-1.671,0.31c-0.949,0.043-1.233,0.052-3.637,0.052 s-2.688-0.009-3.637-0.052c-0.877-0.04-1.354-0.187-1.671-0.31c-0.42-0.163-0.72-0.358-1.035-0.673 c-0.315-0.315-0.51-0.615-0.673-1.035c-0.123-0.317-0.27-0.794-0.31-1.671C4.631,14.688,4.622,14.403,4.622,12 s0.009-2.688,0.052-3.637c0.04-0.877,0.187-1.354,0.31-1.671c0.163-0.42,0.358-0.72,0.673-1.035 c0.315-0.315,0.615-0.51,1.035-0.673c0.317-0.123,0.794-0.27,1.671-0.31C9.312,4.631,9.597,4.622,12,4.622 M12,3 C9.556,3,9.249,3.01,8.289,3.054C7.331,3.098,6.677,3.25,6.105,3.472C5.513,3.702,5.011,4.01,4.511,4.511 c-0.5,0.5-0.808,1.002-1.038,1.594C3.25,6.677,3.098,7.331,3.054,8.289C3.01,9.249,3,9.556,3,12c0,2.444,0.01,2.751,0.054,3.711 c0.044,0.958,0.196,1.612,0.418,2.185c0.23,0.592,0.538,1.094,1.038,1.594c0.5,0.5,1.002,0.808,1.594,1.038 c0.572,0.222,1.227,0.375,2.185,0.418C9.249,20.99,9.556,21,12,21s2.751-0.01,3.711-0.054c0.958-0.044,1.612-0.196,2.185-0.418 c0.592-0.23,1.094-0.538,1.594-1.038c0.5-0.5,0.808-1.002,1.038-1.594c0.222-0.572,0.375-1.227,0.418-2.185 C20.99,14.751,21,14.444,21,12s-0.01-2.751-0.054-3.711c-0.044-0.958-0.196-1.612-0.418-2.185c-0.23-0.592-0.538-1.094-1.038-1.594 c-0.5-0.5-1.002-0.808-1.594-1.038c-0.572-0.222-1.227-0.375-2.185-0.418C14.751,3.01,14.444,3,12,3L12,3z M12,7.378 c-2.552,0-4.622,2.069-4.622,4.622S9.448,16.622,12,16.622s4.622-2.069,4.622-4.622S14.552,7.378,12,7.378z M12,15 c-1.657,0-3-1.343-3-3s1.343-3,3-3s3,1.343,3,3S13.657,15,12,15z M16.804,6.116c-0.596,0-1.08,0.484-1.08,1.08 s0.484,1.08,1.08,1.08c0.596,0,1.08-0.484,1.08-1.08S17.401,6.116,16.804,6.116z\"><\/path><\/svg><span class=\"wp-block-social-link-label screen-reader-text\">Instagram<\/span><\/a><\/li>\n\n<li class=\"wp-social-link wp-social-link-youtube  wp-block-social-link\"><a href=\"https:\/\/youtube.com\/channel\/UCyBND4eBtp37D043J0j_xAQ\" class=\"wp-block-social-link-anchor\"><svg width=\"24\" height=\"24\" viewBox=\"0 0 24 24\" version=\"1.1\" xmlns=\"http:\/\/www.w3.org\/2000\/svg\" aria-hidden=\"true\" focusable=\"false\"><path d=\"M21.8,8.001c0,0-0.195-1.378-0.795-1.985c-0.76-0.797-1.613-0.801-2.004-0.847c-2.799-0.202-6.997-0.202-6.997-0.202 h-0.009c0,0-4.198,0-6.997,0.202C4.608,5.216,3.756,5.22,2.995,6.016C2.395,6.623,2.2,8.001,2.2,8.001S2,9.62,2,11.238v1.517 c0,1.618,0.2,3.237,0.2,3.237s0.195,1.378,0.795,1.985c0.761,0.797,1.76,0.771,2.205,0.855c1.6,0.153,6.8,0.201,6.8,0.201 s4.203-0.006,7.001-0.209c0.391-0.047,1.243-0.051,2.004-0.847c0.6-0.607,0.795-1.985,0.795-1.985s0.2-1.618,0.2-3.237v-1.517 C22,9.62,21.8,8.001,21.8,8.001z M9.935,14.594l-0.001-5.62l5.404,2.82L9.935,14.594z\"><\/path><\/svg><span class=\"wp-block-social-link-label screen-reader-text\">YouTube<\/span><\/a><\/li>\n\n<li class=\"wp-social-link wp-social-link-facebook  wp-block-social-link\"><a href=\"https:\/\/www.facebook.com\/Dimauto-Studio-102503351832278\/\" class=\"wp-block-social-link-anchor\"><svg width=\"24\" height=\"24\" viewBox=\"0 0 24 24\" version=\"1.1\" xmlns=\"http:\/\/www.w3.org\/2000\/svg\" aria-hidden=\"true\" focusable=\"false\"><path d=\"M12 2C6.5 2 2 6.5 2 12c0 5 3.7 9.1 8.4 9.9v-7H7.9V12h2.5V9.8c0-2.5 1.5-3.9 3.8-3.9 1.1 0 2.2.2 2.2.2v2.5h-1.3c-1.2 0-1.6.8-1.6 1.6V12h2.8l-.4 2.9h-2.3v7C18.3 21.1 22 17 22 12c0-5.5-4.5-10-10-10z\"><\/path><\/svg><span class=\"wp-block-social-link-label screen-reader-text\">Facebook<\/span><\/a><\/li>\n\n<li class=\"wp-social-link wp-social-link-mail  wp-block-social-link\"><a href=\"mailto:&#100;&#105;ma&#117;&#116;&#111;stu&#100;i&#111;&#064;&#103;&#109;&#097;i&#108;&#046;c&#111;&#109;\" class=\"wp-block-social-link-anchor\"><svg width=\"24\" height=\"24\" viewBox=\"0 0 24 24\" version=\"1.1\" xmlns=\"http:\/\/www.w3.org\/2000\/svg\" aria-hidden=\"true\" focusable=\"false\"><path d=\"M19,5H5c-1.1,0-2,.9-2,2v10c0,1.1.9,2,2,2h14c1.1,0,2-.9,2-2V7c0-1.1-.9-2-2-2zm.5,12c0,.3-.2.5-.5.5H5c-.3,0-.5-.2-.5-.5V9.8l7.5,5.6,7.5-5.6V17zm0-9.1L12,13.6,4.5,7.9V7c0-.3.2-.5.5-.5h14c.3,0,.5.2.5.5v.9z\"><\/path><\/svg><span class=\"wp-block-social-link-label screen-reader-text\">Mail<\/span><\/a><\/li><\/ul>\n\n\n\n<p>Siganos <\/p>\n\n\n\n<figure class=\"wp-block-video\"><video controls src=\"https:\/\/www.dimautostudio.es\/wp-content\/uploads\/2021\/02\/YouCut_20210228_152213935.mp4\"><\/video><\/figure>\n\n\n\n<p><\/p>\n\n\n\n<figure class=\"wp-block-video\"><video controls src=\"https:\/\/www.dimautostudio.es\/wp-content\/uploads\/2021\/03\/InShot_20210302_025902601.mp4\"><\/video><\/figure>\n\n\n\n<details class=\"wp-block-details has-black-color has-text-color has-link-color wp-elements-6a0ff2ea7acfe505fba0155a094cd707 is-layout-flow wp-block-details-is-layout-flow\" style=\"font-size:4px\"><summary>\u00a1Hola! Bienvenido a Dimauto Studio. Soy tu asistente virtual y estoy aqu\u00ed para ayudarte. \u00bfEn qu\u00e9 puedo asistirte hoy?<br>Te comento brevemente sobre nuestros servicios de Car Wash &amp; Detailing y otros tratamientos automotrices. A continuaci\u00f3n, te detallo nuestras tarifas y tiempos estimados:<br><br><strong>1. Lavado de Coches:<\/strong><br><strong>Coche peque\u00f1o-mediano:<\/strong> 40-45\u20ac<br><strong>Coche grande:<\/strong> 45-50\u20ac<br><strong>Furgoneta\/Monovolumen:<\/strong> 50-55\u20ac<br><br><strong>2. Lavado Solo por Dentro o Solo por Fuera:<\/strong><br><strong>Peque\u00f1o-mediano:<\/strong> 25\u20ac<br><strong>Grande:<\/strong> 30\u20ac<br><strong>Monovolumen\/Furgoneta grande:<\/strong> 35\u20ac<br><br><strong>3. Limpieza de Tapicer\u00edas \/ Tratamiento de Cuero:<\/strong><br><strong>Coche 2 plazas:<\/strong> 40\u20ac<br><strong>Coche 4-5 plazas:<\/strong> 70\u20ac<br><strong>Coche 7 plazas:<\/strong> 90\u20ac<br><strong>Coche 8-9 plazas:<\/strong> 100\u20ac<br>Adem\u00e1s, tenemos opciones espec\u00edficas:<br><strong>Limpieza de 1 plaza:<\/strong> 25\u20ac<br><strong>Solo sill\u00edn (parte inferior del asiento conductor o copiloto):<\/strong> 10\u20ac<br><strong>Sill\u00edn trasero (dos o tres plazas):<\/strong> 30\u20ac<br><br><strong>4. Techo del Coche:<\/strong><br><strong>Peque\u00f1o-mediano:<\/strong> 50\u20ac<br><strong>Grande\/Monovolumen:<\/strong> 50-70\u20ac<br><br><strong>5. Suelo y Moquetas:<\/strong> 50\u20ac<br><br><strong>6. Pulido:<\/strong><br><strong>R\u00e1pido (dos personas):<\/strong> 150\u20ac<br><strong>Mediano:<\/strong> 250\u20ac<br><strong>Profesional:<\/strong> 450\u20ac<br><br><strong>7. Desinfecci\u00f3n con Ozono:<\/strong> Desde 15\u20ac<br><br><strong>8. Limpieza Completa de Tapicer\u00edas (con vapor, para eliminaci\u00f3n de bacterias):<\/strong> 250\u20ac<br><br><strong>Tarifas Adicionales por Suciedad Extrema:<\/strong><br>Si el coche est\u00e1 muy sucio (por ejemplo, con pelos de perro o arena de la playa), se cobrar\u00e1 adicionalmente seg\u00fan el tiempo:<br><strong>Dos personas:<\/strong> 2\u20ac por minuto<br><strong>Una persona:<\/strong> 1\u20ac por minuto<br>(Tarifa aproximada adicional: 15-20\u20ac. Se recomienda evaluar el coche para hacer un presupuesto exacto).<br><br><strong>9. Servicio de Recogida y Entrega:<\/strong> 15\u20ac<br><br><strong>10. Limpieza de Motor:<\/strong><br><strong>Parte superior:<\/strong> 35\u20ac<br><strong>Arriba y abajo:<\/strong> 45\u20ac<br><strong>Bajo completo del coche:<\/strong> Desde 45\u20ac<br><br><strong>Tiempos Estimados:<\/strong><br><strong>Limpieza normal (interior y exterior):<\/strong><br>Dos personas: 45-60 minutos<br>Una persona: 1h15 &#8211; 1h30<br>Solo interior o solo exterior:<br>Una persona: 35-40 minutos<br>Dos personas: 25-30 minutos<br><strong>Limpieza de tapicer\u00edas o tratamiento de cuero:<\/strong><br>1 plaza: 30 minutos (una persona) \/ 20 minutos (dos personas)<br><strong>Moquetas o techo:<\/strong> 30-60 minutos<br><strong>Pulido:<\/strong><br>R\u00e1pido (dos personas): 2 horas<br>Mediano: 4 horas<br>Profesional: 2 d\u00edas<br><strong>Desinfecci\u00f3n con ozono:<\/strong> Desde 15 minutos<br><strong>Limpieza de motor:<\/strong><br>Solo por fuera: 30 minutos<br>Por fuera y por abajo: 45 minutos<br>Bajos: 45 minutos<br><br>\u00bfTe gustar\u00eda m\u00e1s informaci\u00f3n sobre alg\u00fan servicio en particular o deseas agendar una cita? \u00a1Estoy aqu\u00ed para ayudarte!<\/summary>\n<p><\/p>\n<\/details>\n\n\n\n<pre class=\"wp-block-code\"><code>&lt; link  href =\" https:\/\/cdn.jsdelivr.net\/npm\/@n8n\/chat\/dist\/style.css \" rel =\" hoja de estilos \" \/>\n &lt; script  type =\" m\u00f3dulo \" > \n\timportar  {  createChat  }  desde  'https:\/\/cdn.jsdelivr.net\/npm\/@n8n\/chat\/dist\/chat.bundle.es.js' ;\n\n\tcreateChat ( { \n\t\twebhookUrl : 'https:\/\/n8n.srv790294.hstgr.cloud\/webhook\/b7f33f79-3027-42c1-a6a7-b37f2520ddbe\/chat' \n\t} ) ; \n&lt;\/ script ><\/code><\/pre>\n\n\n\n<p><\/p>\n","protected":false},"excerpt":{"rendered":"<p>dimautostudio@gmail.com \u041c\u044b \u0433\u043e\u0432\u043e\u0440\u0438\u043c \u043f\u043e-\u0440\u0443\u0441\u0441\u043a\u0438&nbsp;&amp;&nbsp;We speak English CAR WASH SOTOGRANDELAVADERO DE COCHES SOTOGRANDEM\u041e\u0419\u041a\u0410 \u0410\u0412\u0422\u041e\u041c\u041e\u0411\u0418\u041b\u0415\u0419 \u0421\u041e\u0422\u041e\u0413\u0420\u0410\u041d\u0414\u0415 Car wash, Lavadero de coches Sotogrande-Guadiaro<\/p>\n<p><a href=\"https:\/\/www.dimautostudio.es\/\" class=\"more-link\">Seguir leyendo<span class=\"screen-reader-text\">Car Wash &amp; Detailing, Auto Repair &amp; Vehicle Sales<\/span><\/a><\/p>\n","protected":false},"author":1,"featured_media":0,"parent":0,"menu_order":0,"comment_status":"closed","ping_status":"closed","template":"","meta":{"footnotes":""},"class_list":["post-2","page","type-page","status-publish","hentry"],"_links":{"self":[{"href":"https:\/\/www.dimautostudio.es\/index.php?rest_route=\/wp\/v2\/pages\/2","targetHints":{"allow":["GET"]}}],"collection":[{"href":"https:\/\/www.dimautostudio.es\/index.php?rest_route=\/wp\/v2\/pages"}],"about":[{"href":"https:\/\/www.dimautostudio.es\/index.php?rest_route=\/wp\/v2\/types\/page"}],"author":[{"embeddable":true,"href":"https:\/\/www.dimautostudio.es\/index.php?rest_route=\/wp\/v2\/users\/1"}],"replies":[{"embeddable":true,"href":"https:\/\/www.dimautostudio.es\/index.php?rest_route=%2Fwp%2Fv2%2Fcomments&post=2"}],"version-history":[{"count":76,"href":"https:\/\/www.dimautostudio.es\/index.php?rest_route=\/wp\/v2\/pages\/2\/revisions"}],"predecessor-version":[{"id":358,"href":"https:\/\/www.dimautostudio.es\/index.php?rest_route=\/wp\/v2\/pages\/2\/revisions\/358"}],"wp:attachment":[{"href":"https:\/\/www.dimautostudio.es\/index.php?rest_route=%2Fwp%2Fv2%2Fmedia&parent=2"}],"curies":[{"name":"wp","href":"https:\/\/api.w.org\/{rel}","templated":true}]}}